{"id":94,"date":"2024-08-27T22:45:40","date_gmt":"2024-08-28T01:45:40","guid":{"rendered":"https:\/\/novoctds.cavg.ifsul.edu.br\/?page_id=94"},"modified":"2024-09-06T10:47:08","modified_gmt":"2024-09-06T13:47:08","slug":"94-2","status":"publish","type":"page","link":"https:\/\/ctds.cavg.ifsul.edu.br\/index.php\/94-2\/","title":{"rendered":"2019\/01"},"content":{"rendered":"\n<p class=\"has-large-font-size\"><strong>2019\/01<\/strong><br><\/p>\n\n\n\n<figure class=\"wp-block-table\"><table class=\"has-fixed-layout\"><tbody><tr><td class=\"has-text-align-center\" data-align=\"center\"><strong>Aluno(a)<\/strong><\/td><td class=\"has-text-align-center\" data-align=\"center\"><strong>Orientador(a)<\/strong><\/td><td class=\"has-text-align-center\" data-align=\"center\"><strong>T\u00edtulo<\/strong><\/td><\/tr><tr><td class=\"has-text-align-center\" data-align=\"center\">Eliani Ludwig<\/td><td class=\"has-text-align-center\" data-align=\"center\">Jo\u00e3o Ladislau Lopes<\/td><td class=\"has-text-align-center\" data-align=\"center\"><a href=\"https:\/\/ctds.cavg.ifsul.edu.br\/wp-content\/uploads\/2024\/08\/eliani.pdf\" target=\"_blank\" rel=\"noreferrer noopener\">Sistema de Informa\u00e7\u00e3o para Gerenciamento de Problemas Manuten\u00e7\u00e3o de Software e Hardware<\/a><\/td><\/tr><tr><td class=\"has-text-align-center\" data-align=\"center\">Emanuel Asso Born<\/td><td class=\"has-text-align-center\" data-align=\"center\">Verlani Timm Hinz<\/td><td class=\"has-text-align-center\" data-align=\"center\"><a href=\"https:\/\/ctds.cavg.ifsul.edu.br\/wp-content\/uploads\/2024\/08\/emanuel.pdf\" target=\"_blank\" rel=\"noreferrer noopener\">SISGEE: Sistema de Gerenciamento de Eventos<\/a><\/td><\/tr><tr><td class=\"has-text-align-center\" data-align=\"center\">Fernando Eslab\u00e3o Schwenson Garcia<\/td><td class=\"has-text-align-center\" data-align=\"center\">Verlani Timm Hinz<\/td><td class=\"has-text-align-center\" data-align=\"center\"><a href=\"https:\/\/ctds.cavg.ifsul.edu.br\/wp-content\/uploads\/2024\/08\/fernando.pdf\" target=\"_blank\" rel=\"noreferrer noopener\">Controle de Estoque da Coordenadoria de Tecnologia da Informa\u00e7\u00e3o do IFSul-CaVG<\/a><\/td><\/tr><tr><td class=\"has-text-align-center\" data-align=\"center\">Ricardo Morais Demutti<\/td><td class=\"has-text-align-center\" data-align=\"center\">Maria Isabel Giusti Moreira<\/td><td class=\"has-text-align-center\" data-align=\"center\"><a href=\"https:\/\/ctds.cavg.ifsul.edu.br\/wp-content\/uploads\/2024\/08\/ricardo.pdf\" target=\"_blank\" rel=\"noreferrer noopener\">CMC-CaVG: Controle de Materiais e Chaves para Gest\u00e3o Acad\u00eamica do C\u00e2mpus Visconde da Gra\u00e7a<\/a><\/td><\/tr><tr><td class=\"has-text-align-center\" data-align=\"center\">Wesley Ferreira de Ara\u00fajo<\/td><td class=\"has-text-align-center\" data-align=\"center\">Fernando Augusto Treptow Brod<br>Maria Isabel Giusti Moreira<\/td><td class=\"has-text-align-center\" data-align=\"center\"><a href=\"https:\/\/ctds.cavg.ifsul.edu.br\/wp-content\/uploads\/2024\/08\/wesley.pdf\" target=\"_blank\" rel=\"noreferrer noopener\">Controle de Orienta\u00e7\u00f5es e Defesas para P\u00f3s-gradua\u00e7\u00e3o<\/a><\/td><\/tr><\/tbody><\/table><\/figure>\n","protected":false},"excerpt":{"rendered":"<p>2019\/01 Aluno(a) Orientador(a) T\u00edtulo Eliani Ludwig Jo\u00e3o Ladislau Lopes Sistema de Informa\u00e7\u00e3o para Gerenciamento de Problemas Manuten\u00e7\u00e3o de Software e Hardware Emanuel Asso Born Verlani Timm Hinz SISGEE: Sistema de Gerenciamento de Eventos Fernando Eslab\u00e3o Schwenson Garcia Verlani Timm Hinz Controle de Estoque da Coordenadoria de Tecnologia da Informa\u00e7\u00e3o do IFSul-CaVG Ricardo Morais Demutti Maria [&hellip;]<\/p>\n","protected":false},"author":1,"featured_media":0,"parent":0,"menu_order":0,"comment_status":"closed","ping_status":"closed","template":"","meta":{"_editorskit_title_hidden":true,"_editorskit_reading_time":0,"_editorskit_is_block_options_detached":false,"_editorskit_block_options_position":"{}","footnotes":""},"folder":[],"class_list":["post-94","page","type-page","status-publish","hentry"],"_links":{"self":[{"href":"https:\/\/ctds.cavg.ifsul.edu.br\/index.php\/wp-json\/wp\/v2\/pages\/94","targetHints":{"allow":["GET"]}}],"collection":[{"href":"https:\/\/ctds.cavg.ifsul.edu.br\/index.php\/wp-json\/wp\/v2\/pages"}],"about":[{"href":"https:\/\/ctds.cavg.ifsul.edu.br\/index.php\/wp-json\/wp\/v2\/types\/page"}],"author":[{"embeddable":true,"href":"https:\/\/ctds.cavg.ifsul.edu.br\/index.php\/wp-json\/wp\/v2\/users\/1"}],"replies":[{"embeddable":true,"href":"https:\/\/ctds.cavg.ifsul.edu.br\/index.php\/wp-json\/wp\/v2\/comments?post=94"}],"version-history":[{"count":11,"href":"https:\/\/ctds.cavg.ifsul.edu.br\/index.php\/wp-json\/wp\/v2\/pages\/94\/revisions"}],"predecessor-version":[{"id":200,"href":"https:\/\/ctds.cavg.ifsul.edu.br\/index.php\/wp-json\/wp\/v2\/pages\/94\/revisions\/200"}],"wp:attachment":[{"href":"https:\/\/ctds.cavg.ifsul.edu.br\/index.php\/wp-json\/wp\/v2\/media?parent=94"}],"wp:term":[{"taxonomy":"folder","embeddable":true,"href":"https:\/\/ctds.cavg.ifsul.edu.br\/index.php\/wp-json\/wp\/v2\/folder?post=94"}],"curies":[{"name":"wp","href":"https:\/\/api.w.org\/{rel}","templated":true}]}}