{"id":43,"date":"2024-08-27T21:48:55","date_gmt":"2024-08-28T00:48:55","guid":{"rendered":"https:\/\/novoctds.cavg.ifsul.edu.br\/?page_id=43"},"modified":"2024-08-27T22:13:25","modified_gmt":"2024-08-28T01:13:25","slug":"horarios","status":"publish","type":"page","link":"https:\/\/ctds.cavg.ifsul.edu.br\/index.php\/horarios\/","title":{"rendered":"Hor\u00e1rios"},"content":{"rendered":"\n<p class=\"has-large-font-size\"><strong>Hor\u00e1rios<\/strong><\/p>\n\n\n\n<div style=\"height:32px\" aria-hidden=\"true\" class=\"wp-block-spacer\"><\/div>\n\n\n\n<p><a href=\"https:\/\/docs.google.com\/document\/d\/1YdMoimk8j-8czw-mF8wpYSqmgPtEA2tB\/edit\" target=\"_blank\" rel=\"noreferrer noopener\">Hor\u00e1rio 2023-02 &#8211; 2\u00ba e 4\u00ba Semestre (229 e 429)<\/a><br><\/p>\n\n\n\n<div style=\"height:19px\" aria-hidden=\"true\" class=\"wp-block-spacer\"><\/div>\n\n\n\n<p><a href=\"https:\/\/docs.google.com\/spreadsheets\/d\/1HNvBuJS4J26y_k5fWLV3XPDjUwcZ4StzyFfeUuWgGjU\/edit?usp=sharing\" target=\"_blank\" rel=\"noreferrer noopener\">Hor\u00e1rio dos Laborat\u00f3rios de Inform\u00e1tica<\/a><\/p>\n","protected":false},"excerpt":{"rendered":"<p>Hor\u00e1rios Hor\u00e1rio 2023-02 &#8211; 2\u00ba e 4\u00ba Semestre (229 e 429) Hor\u00e1rio dos Laborat\u00f3rios de Inform\u00e1tica<\/p>\n","protected":false},"author":1,"featured_media":0,"parent":0,"menu_order":0,"comment_status":"closed","ping_status":"closed","template":"","meta":{"_editorskit_title_hidden":true,"_editorskit_reading_time":0,"_editorskit_is_block_options_detached":false,"_editorskit_block_options_position":"{}","footnotes":""},"folder":[],"class_list":["post-43","page","type-page","status-publish","hentry"],"_links":{"self":[{"href":"https:\/\/ctds.cavg.ifsul.edu.br\/index.php\/wp-json\/wp\/v2\/pages\/43","targetHints":{"allow":["GET"]}}],"collection":[{"href":"https:\/\/ctds.cavg.ifsul.edu.br\/index.php\/wp-json\/wp\/v2\/pages"}],"about":[{"href":"https:\/\/ctds.cavg.ifsul.edu.br\/index.php\/wp-json\/wp\/v2\/types\/page"}],"author":[{"embeddable":true,"href":"https:\/\/ctds.cavg.ifsul.edu.br\/index.php\/wp-json\/wp\/v2\/users\/1"}],"replies":[{"embeddable":true,"href":"https:\/\/ctds.cavg.ifsul.edu.br\/index.php\/wp-json\/wp\/v2\/comments?post=43"}],"version-history":[{"count":7,"href":"https:\/\/ctds.cavg.ifsul.edu.br\/index.php\/wp-json\/wp\/v2\/pages\/43\/revisions"}],"predecessor-version":[{"id":80,"href":"https:\/\/ctds.cavg.ifsul.edu.br\/index.php\/wp-json\/wp\/v2\/pages\/43\/revisions\/80"}],"wp:attachment":[{"href":"https:\/\/ctds.cavg.ifsul.edu.br\/index.php\/wp-json\/wp\/v2\/media?parent=43"}],"wp:term":[{"taxonomy":"folder","embeddable":true,"href":"https:\/\/ctds.cavg.ifsul.edu.br\/index.php\/wp-json\/wp\/v2\/folder?post=43"}],"curies":[{"name":"wp","href":"https:\/\/api.w.org\/{rel}","templated":true}]}}