{"id":41,"date":"2024-08-27T21:48:30","date_gmt":"2024-08-28T00:48:30","guid":{"rendered":"https:\/\/novoctds.cavg.ifsul.edu.br\/?page_id=41"},"modified":"2024-08-27T22:14:03","modified_gmt":"2024-08-28T01:14:03","slug":"informacoes","status":"publish","type":"page","link":"https:\/\/ctds.cavg.ifsul.edu.br\/","title":{"rendered":"Informa\u00e7\u00f5es"},"content":{"rendered":"\n<p class=\"has-large-font-size\"><strong>Informa\u00e7\u00f5es sobre o Curso<\/strong><br><\/p>\n\n\n\n<div style=\"height:39px\" aria-hidden=\"true\" class=\"wp-block-spacer\"><\/div>\n\n\n\n<ul class=\"wp-block-list\">\n<li>Forma subsequente, requisito ensino m\u00e9dio completo<\/li>\n\n\n\n<li>Turno da tarde, modalidade presencial<\/li>\n\n\n\n<li>Regime semestral, dura\u00e7\u00e3o de quatro semestres<\/li>\n\n\n\n<li>Ingresso anual, 30 vagas<\/li>\n<\/ul>\n\n\n\n<div style=\"height:23px\" aria-hidden=\"true\" class=\"wp-block-spacer\"><\/div>\n\n\n\n<p><a href=\"https:\/\/intranet.ifsul.edu.br\/catalogo\/curso\/209\" target=\"_blank\" rel=\"noreferrer noopener\">Clique aqui para mais informa\u00e7\u00f5es sobre o curso<\/a><\/p>\n","protected":false},"excerpt":{"rendered":"<p>Informa\u00e7\u00f5es sobre o Curso Clique aqui para mais informa\u00e7\u00f5es sobre o curso<\/p>\n","protected":false},"author":1,"featured_media":0,"parent":0,"menu_order":0,"comment_status":"closed","ping_status":"closed","template":"","meta":{"_editorskit_title_hidden":true,"_editorskit_reading_time":0,"_editorskit_is_block_options_detached":false,"_editorskit_block_options_position":"{}","footnotes":""},"folder":[],"class_list":["post-41","page","type-page","status-publish","hentry"],"_links":{"self":[{"href":"https:\/\/ctds.cavg.ifsul.edu.br\/index.php\/wp-json\/wp\/v2\/pages\/41","targetHints":{"allow":["GET"]}}],"collection":[{"href":"https:\/\/ctds.cavg.ifsul.edu.br\/index.php\/wp-json\/wp\/v2\/pages"}],"about":[{"href":"https:\/\/ctds.cavg.ifsul.edu.br\/index.php\/wp-json\/wp\/v2\/types\/page"}],"author":[{"embeddable":true,"href":"https:\/\/ctds.cavg.ifsul.edu.br\/index.php\/wp-json\/wp\/v2\/users\/1"}],"replies":[{"embeddable":true,"href":"https:\/\/ctds.cavg.ifsul.edu.br\/index.php\/wp-json\/wp\/v2\/comments?post=41"}],"version-history":[{"count":8,"href":"https:\/\/ctds.cavg.ifsul.edu.br\/index.php\/wp-json\/wp\/v2\/pages\/41\/revisions"}],"predecessor-version":[{"id":81,"href":"https:\/\/ctds.cavg.ifsul.edu.br\/index.php\/wp-json\/wp\/v2\/pages\/41\/revisions\/81"}],"wp:attachment":[{"href":"https:\/\/ctds.cavg.ifsul.edu.br\/index.php\/wp-json\/wp\/v2\/media?parent=41"}],"wp:term":[{"taxonomy":"folder","embeddable":true,"href":"https:\/\/ctds.cavg.ifsul.edu.br\/index.php\/wp-json\/wp\/v2\/folder?post=41"}],"curies":[{"name":"wp","href":"https:\/\/api.w.org\/{rel}","templated":true}]}}