{"id":240,"date":"2026-03-12T17:51:32","date_gmt":"2026-03-12T20:51:32","guid":{"rendered":"https:\/\/ctds.cavg.ifsul.edu.br\/?page_id=240"},"modified":"2026-03-12T18:34:29","modified_gmt":"2026-03-12T21:34:29","slug":"2025-2","status":"publish","type":"page","link":"https:\/\/ctds.cavg.ifsul.edu.br\/index.php\/2025-2\/","title":{"rendered":"2025\/02"},"content":{"rendered":"\n<p class=\"has-large-font-size\"><strong>2025\/02<\/strong><\/p>\n\n\n\n<figure class=\"wp-block-table\"><table class=\"has-fixed-layout\"><tbody><tr><td><strong><strong>Alunos(as)<\/strong><\/strong><\/td><td><strong><strong>Orientador(a)<\/strong><\/strong><\/td><td><strong>T\u00edtulo<\/strong><\/td><\/tr><tr><td>Cristian Camillo Buaez<\/td><td>Verlani Timm Hinz<\/td><td><a href=\"https:\/\/ctds.cavg.ifsul.edu.br\/wp-content\/uploads\/2026\/03\/Cristian.docx-3.pdf\" target=\"_blank\" rel=\"noreferrer noopener\">HYPERSHELL: UM TERMINAL WEB SIMULADO<\/a><\/td><\/tr><tr><td>Josu\u00e9 Alves Lemos<\/td><td>Jo\u00e3o Ladislau Barbar\u00e1 Lopes<\/td><td><a href=\"https:\/\/ctds.cavg.ifsul.edu.br\/wp-content\/uploads\/2026\/03\/GT-STATS_-CONTROLE-DE-ESTATISTICAS-DE-CORRIDAS-GT3.docx.pdf\" target=\"_blank\" rel=\"noreferrer noopener\">GT STATS: CONTROLE DE ESTAT\u00cdSTICAS DE CORRIDAS GT3<\/a><\/td><\/tr><tr><td>Leonardo Oliveira Garcia <br>Thiago Pucinelli Aires da Silva<\/td><td>Jo\u00e3o Ladislau Barbar\u00e1 Lopes<\/td><td><a href=\"https:\/\/ctds.cavg.ifsul.edu.br\/wp-content\/uploads\/2026\/03\/TCC-Leonardo-e-Thiago.pdf\" target=\"_blank\" rel=\"noreferrer noopener\">CHAVE MESTRA: UM SISTEMA PARA CONTROLE DO USO DAS CHAVES DOS AMBIENTES F\u00cdSICOS DO CAVG<\/a><\/td><\/tr><tr><td>Leonardo Pieren Melo Teixeira<\/td><td>Maria Isabel Giusti Moreira<\/td><td><a href=\"https:\/\/ctds.cavg.ifsul.edu.br\/wp-content\/uploads\/2026\/03\/Mec_Hub-Leonardo-Teixeira.docx-3.pdf\" target=\"_blank\" rel=\"noreferrer noopener\">MEC_HUB &#8211; SISTEMA PARA OFICINA MEC\u00c2NICA<\/a><\/td><\/tr><tr><td>Matheus de Moraes Gadea<\/td><td>Verlani Timm Hinz.<br>Jardel da Silva<\/td><td><a href=\"https:\/\/ctds.cavg.ifsul.edu.br\/wp-content\/uploads\/2026\/03\/Matheus.docx.pdf\" target=\"_blank\" rel=\"noreferrer noopener\">Controle Sombra: Interface de Controle Rob\u00f3tico por Gestos baseada em Processamento de Imagens<\/a><\/td><\/tr><tr><td>Andrei Buss Farias dos Santos Ot\u00e1vio da Silva Pacheco<\/td><td>Fernando Augusto Treptow Brod<\/td><td><a href=\"https:\/\/ctds.cavg.ifsul.edu.br\/wp-content\/uploads\/2026\/03\/autochase-documentacao.pdf\" target=\"_blank\" rel=\"noreferrer noopener\">AUTOCHASE: WEBSITE DE BUSCA, AN\u00daNCIOS E VENDAS DE VE\u00cdCULOS DE M\u00c9DIO E PEQUENO PORTE<\/a><\/td><\/tr><tr><td>Talles Costa Garcia<\/td><td>Andr\u00e9ia Sias Rodrigues<\/td><td><a href=\"https:\/\/ctds.cavg.ifsul.edu.br\/wp-content\/uploads\/2026\/03\/Talles-TCC-Versao-FINAL.pdf\" target=\"_blank\" rel=\"noreferrer noopener\">PLATAFORMA DIGITAL GAME ZONE: COMUNIDADE INTERATIVA PARA GAMERS<\/a><\/td><\/tr><tr><td>Vin\u00edcius Armendaris Leal<\/td><td>Maria Isabel Giusti Moreira<\/td><td><a href=\"https:\/\/ctds.cavg.ifsul.edu.br\/wp-content\/uploads\/2026\/03\/final-TCC-VINICIUS-ACE.docx-1.pdf\" target=\"_blank\" rel=\"noreferrer noopener\">AVALIA\u00c7\u00c3O DA QUALIDADE DE C\u00d3DIGO GERADO POR ALGORITMOS GEN\u00c9TICOS: UM ESTUDO COM O SISTEMA ACE<\/a><\/td><\/tr><tr><td>Filipe Brand\u00e3o Vasconcelos Willian de Lima Ribeiro<\/td><td>Andr\u00e9ia Sias Rodrigues<\/td><td><a href=\"https:\/\/ctds.cavg.ifsul.edu.br\/wp-content\/uploads\/2026\/03\/Copia-de-R.I.D.S.-TCC\u00b4s.docx-4.pdf\" target=\"_blank\" rel=\"noreferrer noopener\">R.I.D.S.: Reposit\u00f3rio de Ideias de Desenvolvimento de Sistemas para Trabalho de Conclus\u00e3o de Curso<\/a><\/td><\/tr><\/tbody><\/table><\/figure>\n","protected":false},"excerpt":{"rendered":"<p>2025\/02 Alunos(as) Orientador(a) T\u00edtulo Cristian Camillo Buaez Verlani Timm Hinz HYPERSHELL: UM TERMINAL WEB SIMULADO Josu\u00e9 Alves Lemos Jo\u00e3o Ladislau Barbar\u00e1 Lopes GT STATS: CONTROLE DE ESTAT\u00cdSTICAS DE CORRIDAS GT3 Leonardo Oliveira Garcia Thiago Pucinelli Aires da Silva Jo\u00e3o Ladislau Barbar\u00e1 Lopes CHAVE MESTRA: UM SISTEMA PARA CONTROLE DO USO DAS CHAVES DOS AMBIENTES F\u00cdSICOS [&hellip;]<\/p>\n","protected":false},"author":1,"featured_media":0,"parent":0,"menu_order":0,"comment_status":"closed","ping_status":"closed","template":"","meta":{"_editorskit_title_hidden":true,"_editorskit_reading_time":0,"_editorskit_is_block_options_detached":false,"_editorskit_block_options_position":"{}","footnotes":""},"folder":[],"class_list":["post-240","page","type-page","status-publish","hentry"],"_links":{"self":[{"href":"https:\/\/ctds.cavg.ifsul.edu.br\/index.php\/wp-json\/wp\/v2\/pages\/240","targetHints":{"allow":["GET"]}}],"collection":[{"href":"https:\/\/ctds.cavg.ifsul.edu.br\/index.php\/wp-json\/wp\/v2\/pages"}],"about":[{"href":"https:\/\/ctds.cavg.ifsul.edu.br\/index.php\/wp-json\/wp\/v2\/types\/page"}],"author":[{"embeddable":true,"href":"https:\/\/ctds.cavg.ifsul.edu.br\/index.php\/wp-json\/wp\/v2\/users\/1"}],"replies":[{"embeddable":true,"href":"https:\/\/ctds.cavg.ifsul.edu.br\/index.php\/wp-json\/wp\/v2\/comments?post=240"}],"version-history":[{"count":11,"href":"https:\/\/ctds.cavg.ifsul.edu.br\/index.php\/wp-json\/wp\/v2\/pages\/240\/revisions"}],"predecessor-version":[{"id":262,"href":"https:\/\/ctds.cavg.ifsul.edu.br\/index.php\/wp-json\/wp\/v2\/pages\/240\/revisions\/262"}],"wp:attachment":[{"href":"https:\/\/ctds.cavg.ifsul.edu.br\/index.php\/wp-json\/wp\/v2\/media?parent=240"}],"wp:term":[{"taxonomy":"folder","embeddable":true,"href":"https:\/\/ctds.cavg.ifsul.edu.br\/index.php\/wp-json\/wp\/v2\/folder?post=240"}],"curies":[{"name":"wp","href":"https:\/\/api.w.org\/{rel}","templated":true}]}}