{"id":187,"date":"2024-08-27T23:42:12","date_gmt":"2024-08-28T02:42:12","guid":{"rendered":"https:\/\/novoctds.cavg.ifsul.edu.br\/?page_id=187"},"modified":"2024-09-06T10:54:48","modified_gmt":"2024-09-06T13:54:48","slug":"iv-semana-academica-2023","status":"publish","type":"page","link":"https:\/\/ctds.cavg.ifsul.edu.br\/index.php\/iv-semana-academica-2023\/","title":{"rendered":"IV Semana Acad\u00eamica &#8211; 2023"},"content":{"rendered":"\n<p class=\"has-large-font-size\"><strong>IV Semana Acad\u00eamica &#8211; 2023<\/strong><\/p>\n\n\n\n<div style=\"height:32px\" aria-hidden=\"true\" class=\"wp-block-spacer\"><\/div>\n\n\n\n<ul class=\"wp-block-list\">\n<li><strong>Data: <\/strong>2, 5 e 6 de outubro<\/li>\n\n\n\n<li><strong>Local: <\/strong>IFSul &#8211; C\u00e2mpus Visconde da Gra\u00e7a &#8211; Miniaudit\u00f3rio 1 &#8211;&nbsp;<a href=\"https:\/\/goo.gl\/maps\/cEmC5o2sEDm\" target=\"_blank\" rel=\"noreferrer noopener\">Google Maps<\/a><\/li>\n\n\n\n<li><strong>P\u00fablico alvo:<\/strong> comunidade acad\u00eamica do IFSul\/CaVG e p\u00fablico externo<\/li>\n\n\n\n<li><a href=\"https:\/\/ctds.cavg.ifsul.edu.br\/wp-content\/uploads\/2024\/08\/programacao-sa2023.jpg\" target=\"_blank\" rel=\"noreferrer noopener\">Programa\u00e7\u00e3o<\/a><\/li>\n\n\n\n<li><a href=\"https:\/\/docs.google.com\/document\/d\/1v8BjplIRvzpqkvtJFcLKVicrQnvour8hxv_5sggZt6U\/edit?usp=sharing\" target=\"_blank\" rel=\"noreferrer noopener\">Informa\u00e7\u00f5es<\/a><\/li>\n<\/ul>\n\n\n\n<div style=\"height:32px\" aria-hidden=\"true\" class=\"wp-block-spacer\"><\/div>\n\n\n\n<figure class=\"wp-block-image size-large\"><img loading=\"lazy\" decoding=\"async\" width=\"1022\" height=\"1024\" src=\"https:\/\/novoctds.cavg.ifsul.edu.br\/wp-content\/uploads\/2024\/08\/sa2023-1022x1024.jpg\" alt=\"\" class=\"wp-image-189\" srcset=\"https:\/\/ctds.cavg.ifsul.edu.br\/wp-content\/uploads\/2024\/08\/sa2023-1022x1024.jpg 1022w, https:\/\/ctds.cavg.ifsul.edu.br\/wp-content\/uploads\/2024\/08\/sa2023-300x300.jpg 300w, https:\/\/ctds.cavg.ifsul.edu.br\/wp-content\/uploads\/2024\/08\/sa2023-150x150.jpg 150w, https:\/\/ctds.cavg.ifsul.edu.br\/wp-content\/uploads\/2024\/08\/sa2023-768x769.jpg 768w, https:\/\/ctds.cavg.ifsul.edu.br\/wp-content\/uploads\/2024\/08\/sa2023-1533x1536.jpg 1533w, https:\/\/ctds.cavg.ifsul.edu.br\/wp-content\/uploads\/2024\/08\/sa2023-2044x2048.jpg 2044w\" sizes=\"auto, (max-width: 1022px) 100vw, 1022px\" \/><\/figure>\n","protected":false},"excerpt":{"rendered":"<p>IV Semana Acad\u00eamica &#8211; 2023<\/p>\n","protected":false},"author":1,"featured_media":0,"parent":0,"menu_order":0,"comment_status":"closed","ping_status":"closed","template":"","meta":{"_editorskit_title_hidden":true,"_editorskit_reading_time":0,"_editorskit_is_block_options_detached":false,"_editorskit_block_options_position":"{}","footnotes":""},"folder":[],"class_list":["post-187","page","type-page","status-publish","hentry"],"_links":{"self":[{"href":"https:\/\/ctds.cavg.ifsul.edu.br\/index.php\/wp-json\/wp\/v2\/pages\/187","targetHints":{"allow":["GET"]}}],"collection":[{"href":"https:\/\/ctds.cavg.ifsul.edu.br\/index.php\/wp-json\/wp\/v2\/pages"}],"about":[{"href":"https:\/\/ctds.cavg.ifsul.edu.br\/index.php\/wp-json\/wp\/v2\/types\/page"}],"author":[{"embeddable":true,"href":"https:\/\/ctds.cavg.ifsul.edu.br\/index.php\/wp-json\/wp\/v2\/users\/1"}],"replies":[{"embeddable":true,"href":"https:\/\/ctds.cavg.ifsul.edu.br\/index.php\/wp-json\/wp\/v2\/comments?post=187"}],"version-history":[{"count":3,"href":"https:\/\/ctds.cavg.ifsul.edu.br\/index.php\/wp-json\/wp\/v2\/pages\/187\/revisions"}],"predecessor-version":[{"id":208,"href":"https:\/\/ctds.cavg.ifsul.edu.br\/index.php\/wp-json\/wp\/v2\/pages\/187\/revisions\/208"}],"wp:attachment":[{"href":"https:\/\/ctds.cavg.ifsul.edu.br\/index.php\/wp-json\/wp\/v2\/media?parent=187"}],"wp:term":[{"taxonomy":"folder","embeddable":true,"href":"https:\/\/ctds.cavg.ifsul.edu.br\/index.php\/wp-json\/wp\/v2\/folder?post=187"}],"curies":[{"name":"wp","href":"https:\/\/api.w.org\/{rel}","templated":true}]}}