{"id":176,"date":"2024-08-27T23:35:14","date_gmt":"2024-08-28T02:35:14","guid":{"rendered":"https:\/\/novoctds.cavg.ifsul.edu.br\/?page_id=176"},"modified":"2024-08-27T23:35:14","modified_gmt":"2024-08-28T02:35:14","slug":"programacao-ii-semana","status":"publish","type":"page","link":"https:\/\/ctds.cavg.ifsul.edu.br\/index.php\/programacao-ii-semana\/","title":{"rendered":"Programa\u00e7\u00e3o &#8211; II Semana"},"content":{"rendered":"\n<p class=\"has-large-font-size\"><strong>II Semana Acad\u00eamica &#8211; 2019 &#8211; Programa\u00e7\u00e3o<\/strong><br><\/p>\n\n\n\n<div style=\"height:38px\" aria-hidden=\"true\" class=\"wp-block-spacer\"><\/div>\n\n\n\n<p><strong>Ter\u00e7a &#8211; 29\/10<\/strong><br><strong>14:00 \u00e0s 16:00 &#8211; Palestra: Aprendizado de M\u00e1quina na Pr\u00e1tica &#8211; Marilton Sanchotene de Aguiar<\/strong><br>Marilton Sanchotene de Aguiar possui doutorado em Ci\u00eancia da Computa\u00e7\u00e3o (UFRGS, 2004). \u00c9 professor da UFPEL nos \u00e2mbitos do Programa de P\u00f3s-gradua\u00e7\u00e3o em Computa\u00e7\u00e3o (n\u00edveis mestrado e doutorado) e dos cursos de Ci\u00eancia e Engenharia de Computa\u00e7\u00e3o.<br><strong>Resumo<\/strong>: aprendizado de m\u00e1quina, subconjunto da intelig\u00eancia artificial, \u00e9 o estudo de algoritmos e modelos estat\u00edsticos que os sistemas computacionais usam para executar uma tarefa espec\u00edfica baseando-se em padr\u00f5es e infer\u00eancia a partir de dados de amostra, conhecidos como &#8220;dados de treinamento&#8221;, para fazer predi\u00e7\u00f5es ou decis\u00f5es sem ser explicitamente programado para executar tal tarefa. A palestra ser\u00e1 dividida em dois momentos. Primeiramente ser\u00e3o apresentados os principais conceitos te\u00f3ricos relacionados com o tema, tais como: o que \u00e9, quais objetivos, pontos-de-vistas comercial e cient\u00edfico, desafios, atributos e qualidade dos dados. Em um segundo momento, ser\u00e3o apresentados exemplos pr\u00e1ticos do uso da ferramenta WEKA em problemas de regress\u00e3o, classifica\u00e7\u00e3o, clustering e filtragem colaborativa.<br><br><strong>16:00 \u00e0s 16:15 &#8211; Intervalo<\/strong><br><br><strong>16:15 \u00e0s 17:45 &#8211; Palestra: Introdu\u00e7\u00e3o \u00e0 Rob\u00f3tica &#8211; Paulo Roberto Ferreira J\u00fanior<\/strong><br>Paulo Roberto Ferreira J\u00fanior possui doutorado em Ci\u00eancia da Computa\u00e7\u00e3o (UFRGS, 2008). \u00c9 professor do Programa de P\u00f3s-Gradua\u00e7\u00e3o em Computa\u00e7\u00e3o em n\u00edveis de mestrado e doutorado da UFPEL.<br><strong>Resumo<\/strong>: a palestra apresentar\u00e1 os fundamentos da \u00e1rea de rob\u00f3tica, focados na rob\u00f3tica m\u00f3vel, abordando os principais conceitos e discutindo os \u00faltimos avan\u00e7os e desafios da \u00e1rea.<br><\/p>\n\n\n\n<hr class=\"wp-block-separator has-alpha-channel-opacity\"\/>\n\n\n\n<p><strong>Quarta &#8211; 30\/10<\/strong><br><strong>14:00 \u00e0s 15:00 &#8211; Palestra: Introdu\u00e7\u00e3o \u00e0 Data Science e Big Data &#8211; Emanuel Marques Queiroga<\/strong><br>Emanuel Marques Queiroga possui mestrado em Ci\u00eancia da Computa\u00e7\u00e3o (UFPEL, 2017) e, atualmente, \u00e9 doutorando em Ci\u00eancia da Computa\u00e7\u00e3o na UFPEL. No IFSUL\/CAVG, desenvolve atividades como Analista de Tecnologia da Informa\u00e7\u00e3o.<br><strong>Resumo<\/strong>: diferentemente de outras \u00e9pocas da humanidades, atualmente n\u00e3o s\u00f3 os humanos t\u00eam a capacidade de gerar dados. A todo instante milhares de equipamentos como rel\u00f3gios, celulares, ve\u00edculos, geladeiras, sistemas banc\u00e1rios, clim\u00e1ticos, entre outros, est\u00e3o gerando e trocando um volume inimagin\u00e1vel de dados. Em uma era cada vez mais digital, onde a capacidade de gera\u00e7\u00e3o de dados dobra a cada dois anos, big data apresenta-se como uma alternativa para coleta e armazenamento de grandes volumes de dados. Por\u00e9m, \u00e9 necess\u00e1rio analisar esses dados para que possamos extrair o m\u00e1ximo poss\u00edvel de informa\u00e7\u00f5es, esse processo chama-se Data Science (DS). Tamb\u00e9m conhecida como minera\u00e7\u00e3o de dados, data science \u00e9 uma \u00e1rea de estudo que busca analisar dados gerados em diferentes contextos com o objetivo de extrair informa\u00e7\u00f5es relevantes. Os principais processos s\u00e3o a coleta, pr\u00e9-processamento, an\u00e1lise, identifica\u00e7\u00e3o de padr\u00f5es e, quando necess\u00e1ria, a aplica\u00e7\u00e3o de machine learning para gera\u00e7\u00e3o de modelos de predi\u00e7\u00e3o. Diversos rankings nacionais e internacionais apontam que profissionais de Big Data e Data Science est\u00e3o entre os dez mais buscados no Brasil e no mundo demonstrando a import\u00e2ncia desses processos no mundo atual. Assim, nesta palestra pretendemos discorrer sobre a import\u00e2ncia da big data e data science no contexto atual e introduzir conceitos b\u00e1sicos sobre ambos.<\/p>\n\n\n\n<p><strong>15:00 \u00e0s 17:45 (16:00 \u00e0s 16:15 &#8211; Intervalo) &#8211; Minicurso: Introdu\u00e7\u00e3o \u00e0 Rob\u00f3tica com ROS &#8211; Kristofer Stift Kappel<\/strong><br>Kristofer Stift Kappel possui gradua\u00e7\u00e3o em Ci\u00eancia da Computa\u00e7\u00e3o (UFPEL, 2018) e, atualmente, \u00e9 doutorando em Ci\u00eancia da Computa\u00e7\u00e3o na UFPEL. \u00c9 bolsista CAPES em projeto com a empresa Freedom Ve\u00edculos El\u00e9tricos.<br><strong>Resumo<\/strong>: o ROS (Robot Operating System) \u00e9 um framework dedicado para facilitar o desenvolvimento de projetos de rob\u00f3tica. A integra\u00e7\u00e3o com uma extensa cole\u00e7\u00e3o de bibliotecas, simuladores e rob\u00f4s no mercado j\u00e1 compat\u00edveis com o framework, apoiado por uma vasta comunidade, independ\u00eancia de linguagem de programa\u00e7\u00e3o espec\u00edfica e padroniza\u00e7\u00e3o para facilitar o reuso, o ROS se torna uma ferramenta indispens\u00e1vel para quem tem interesse na \u00e1rea de rob\u00f3tica. O minicurso tem o objetivo de apresentar a ferramenta, dar uma vis\u00e3o geral de aplica\u00e7\u00f5es atrav\u00e9s de exerc\u00edcios que demonstram as fun\u00e7\u00f5es b\u00e1sicas do ROS e introduzir os principais conceitos e motivos que tornaram o ROS t\u00e3o extensamente utilizado pela ind\u00fastria e academia.<\/p>\n\n\n\n<hr class=\"wp-block-separator has-alpha-channel-opacity\"\/>\n\n\n\n<p><strong>Quinta &#8211; 31\/10<\/strong><br><strong>14:00 \u00e0s 15:00 &#8211; Relato de Experi\u00eancia: Est\u00e1gio no Instituto Polit\u00e9cnico de Bragan\u00e7a &#8211; Alunos do CT em Desenvolvimento de Sistemas<\/strong><br><strong>Resumo<\/strong>: Alunos do quarto semestre do Curso T\u00e9cnico em Desenvolvimento de Sistemas ir\u00e3o apresentar um relato dos diferentes aspectos que envolveram o est\u00e1gio realizado em Portugal, no Departamento de Inform\u00e1tica e Gest\u00e3o, na Escola Superior de Tecnologia e Gest\u00e3o, do Instituto Polit\u00e9cnico de Bragan\u00e7a, nos meses de fevereiro, mar\u00e7o e abril deste ano.<\/p>\n\n\n\n<p><strong>15:00 \u00e0s 17:45 (16:00 \u00e0s 16:15 &#8211; Intervalo) &#8211; Minicurso: Introdu\u00e7\u00e3o ao Git &#8211; Gustavo Ludtke da Silva<\/strong><br>Estudante do Curso T\u00e9cnico em Desenvolvimento de Sistemas. Possui experi\u00eancia em desenvolvimento de sites e atualmente trabalha na Nodo Digital como desenvolvedor iOS.<br><strong>Resumo<\/strong>: Git \u00e9 um sistema de controle de vers\u00f5es distribu\u00eddo, utilizado para registrar o hist\u00f3rico de edi\u00e7\u00f5es de qualquer arquivo. O minicurso mostrar\u00e1 o passo a passo de como utilizar a ferramenta em seus projetos pessoais ou empresariais, indo desde a instala\u00e7\u00e3o, passando por visibilidade de arquivos, controle de ramifica\u00e7\u00f5es e exemplos pr\u00e1ticos.<\/p>\n","protected":false},"excerpt":{"rendered":"<p>II Semana Acad\u00eamica &#8211; 2019 &#8211; Programa\u00e7\u00e3o Ter\u00e7a &#8211; 29\/1014:00 \u00e0s 16:00 &#8211; Palestra: Aprendizado de M\u00e1quina na Pr\u00e1tica &#8211; Marilton Sanchotene de AguiarMarilton Sanchotene de Aguiar possui doutorado em Ci\u00eancia da Computa\u00e7\u00e3o (UFRGS, 2004). \u00c9 professor da UFPEL nos \u00e2mbitos do Programa de P\u00f3s-gradua\u00e7\u00e3o em Computa\u00e7\u00e3o (n\u00edveis mestrado e doutorado) e dos cursos de [&hellip;]<\/p>\n","protected":false},"author":1,"featured_media":0,"parent":0,"menu_order":0,"comment_status":"closed","ping_status":"closed","template":"","meta":{"_editorskit_title_hidden":true,"_editorskit_reading_time":0,"_editorskit_is_block_options_detached":false,"_editorskit_block_options_position":"{}","footnotes":""},"folder":[],"class_list":["post-176","page","type-page","status-publish","hentry"],"_links":{"self":[{"href":"https:\/\/ctds.cavg.ifsul.edu.br\/index.php\/wp-json\/wp\/v2\/pages\/176","targetHints":{"allow":["GET"]}}],"collection":[{"href":"https:\/\/ctds.cavg.ifsul.edu.br\/index.php\/wp-json\/wp\/v2\/pages"}],"about":[{"href":"https:\/\/ctds.cavg.ifsul.edu.br\/index.php\/wp-json\/wp\/v2\/types\/page"}],"author":[{"embeddable":true,"href":"https:\/\/ctds.cavg.ifsul.edu.br\/index.php\/wp-json\/wp\/v2\/users\/1"}],"replies":[{"embeddable":true,"href":"https:\/\/ctds.cavg.ifsul.edu.br\/index.php\/wp-json\/wp\/v2\/comments?post=176"}],"version-history":[{"count":1,"href":"https:\/\/ctds.cavg.ifsul.edu.br\/index.php\/wp-json\/wp\/v2\/pages\/176\/revisions"}],"predecessor-version":[{"id":178,"href":"https:\/\/ctds.cavg.ifsul.edu.br\/index.php\/wp-json\/wp\/v2\/pages\/176\/revisions\/178"}],"wp:attachment":[{"href":"https:\/\/ctds.cavg.ifsul.edu.br\/index.php\/wp-json\/wp\/v2\/media?parent=176"}],"wp:term":[{"taxonomy":"folder","embeddable":true,"href":"https:\/\/ctds.cavg.ifsul.edu.br\/index.php\/wp-json\/wp\/v2\/folder?post=176"}],"curies":[{"name":"wp","href":"https:\/\/api.w.org\/{rel}","templated":true}]}}