{"id":175,"date":"2024-08-27T23:36:16","date_gmt":"2024-08-28T02:36:16","guid":{"rendered":"https:\/\/novoctds.cavg.ifsul.edu.br\/?page_id=175"},"modified":"2024-09-06T10:54:06","modified_gmt":"2024-09-06T13:54:06","slug":"ii-semana-academica-2019","status":"publish","type":"page","link":"https:\/\/ctds.cavg.ifsul.edu.br\/index.php\/ii-semana-academica-2019\/","title":{"rendered":"II Semana Acad\u00eamica &#8211; 2019"},"content":{"rendered":"\n<p class=\"has-large-font-size\"><strong>II Semana Acad\u00eamica &#8211; 2019<\/strong><\/p>\n\n\n\n<div style=\"height:45px\" aria-hidden=\"true\" class=\"wp-block-spacer\"><\/div>\n\n\n\n<ul class=\"wp-block-list\">\n<li><strong>Data: <\/strong>29 a 31 de outubro<\/li>\n\n\n\n<li><strong>Local: <\/strong>IFSul &#8211; C\u00e2mpus Visconde da Gra\u00e7a &#8211; Miniaudit\u00f3rio 1 &#8211;&nbsp;<a href=\"https:\/\/goo.gl\/maps\/cEmC5o2sEDm\" target=\"_blank\" rel=\"noreferrer noopener\">Google Maps<\/a><\/li>\n\n\n\n<li><strong>P\u00fablico alvo: <\/strong>comunidade acad\u00eamica do IFSul\/CaVG e p\u00fablico externo<\/li>\n\n\n\n<li><a href=\"https:\/\/ctds.cavg.ifsul.edu.br\/index.php\/programacao-ii-semana\/\" target=\"_blank\" rel=\"noreferrer noopener\">Programa\u00e7\u00e3o<\/a><\/li>\n<\/ul>\n\n\n\n<div style=\"height:28px\" aria-hidden=\"true\" class=\"wp-block-spacer\"><\/div>\n\n\n\n<figure class=\"wp-block-image size-large\"><img loading=\"lazy\" decoding=\"async\" width=\"1024\" height=\"713\" src=\"https:\/\/novoctds.cavg.ifsul.edu.br\/wp-content\/uploads\/2024\/08\/cartaz-sa2019-1024x713.jpeg\" alt=\"\" class=\"wp-image-179\" srcset=\"https:\/\/ctds.cavg.ifsul.edu.br\/wp-content\/uploads\/2024\/08\/cartaz-sa2019-1024x713.jpeg 1024w, https:\/\/ctds.cavg.ifsul.edu.br\/wp-content\/uploads\/2024\/08\/cartaz-sa2019-300x209.jpeg 300w, https:\/\/ctds.cavg.ifsul.edu.br\/wp-content\/uploads\/2024\/08\/cartaz-sa2019-768x535.jpeg 768w, https:\/\/ctds.cavg.ifsul.edu.br\/wp-content\/uploads\/2024\/08\/cartaz-sa2019.jpeg 1280w\" sizes=\"auto, (max-width: 1024px) 100vw, 1024px\" \/><\/figure>\n","protected":false},"excerpt":{"rendered":"<p>II Semana Acad\u00eamica &#8211; 2019<\/p>\n","protected":false},"author":1,"featured_media":0,"parent":0,"menu_order":0,"comment_status":"closed","ping_status":"closed","template":"","meta":{"_editorskit_title_hidden":true,"_editorskit_reading_time":0,"_editorskit_is_block_options_detached":false,"_editorskit_block_options_position":"{}","footnotes":""},"folder":[],"class_list":["post-175","page","type-page","status-publish","hentry"],"_links":{"self":[{"href":"https:\/\/ctds.cavg.ifsul.edu.br\/index.php\/wp-json\/wp\/v2\/pages\/175","targetHints":{"allow":["GET"]}}],"collection":[{"href":"https:\/\/ctds.cavg.ifsul.edu.br\/index.php\/wp-json\/wp\/v2\/pages"}],"about":[{"href":"https:\/\/ctds.cavg.ifsul.edu.br\/index.php\/wp-json\/wp\/v2\/types\/page"}],"author":[{"embeddable":true,"href":"https:\/\/ctds.cavg.ifsul.edu.br\/index.php\/wp-json\/wp\/v2\/users\/1"}],"replies":[{"embeddable":true,"href":"https:\/\/ctds.cavg.ifsul.edu.br\/index.php\/wp-json\/wp\/v2\/comments?post=175"}],"version-history":[{"count":2,"href":"https:\/\/ctds.cavg.ifsul.edu.br\/index.php\/wp-json\/wp\/v2\/pages\/175\/revisions"}],"predecessor-version":[{"id":207,"href":"https:\/\/ctds.cavg.ifsul.edu.br\/index.php\/wp-json\/wp\/v2\/pages\/175\/revisions\/207"}],"wp:attachment":[{"href":"https:\/\/ctds.cavg.ifsul.edu.br\/index.php\/wp-json\/wp\/v2\/media?parent=175"}],"wp:term":[{"taxonomy":"folder","embeddable":true,"href":"https:\/\/ctds.cavg.ifsul.edu.br\/index.php\/wp-json\/wp\/v2\/folder?post=175"}],"curies":[{"name":"wp","href":"https:\/\/api.w.org\/{rel}","templated":true}]}}