{"id":169,"date":"2024-08-27T23:30:20","date_gmt":"2024-08-28T02:30:20","guid":{"rendered":"https:\/\/novoctds.cavg.ifsul.edu.br\/?page_id=169"},"modified":"2024-08-27T23:30:20","modified_gmt":"2024-08-28T02:30:20","slug":"coordenacao-e-colegiado","status":"publish","type":"page","link":"https:\/\/ctds.cavg.ifsul.edu.br\/index.php\/coordenacao-e-colegiado\/","title":{"rendered":"Coordena\u00e7\u00e3o e Colegiado"},"content":{"rendered":"\n<p class=\"has-large-font-size\"><strong>Coordena\u00e7\u00e3o e Colegiado<\/strong><\/p>\n\n\n\n<div style=\"height:41px\" aria-hidden=\"true\" class=\"wp-block-spacer\"><\/div>\n\n\n\n<p><strong>Coordenadora do Curso<\/strong>: Verlani Timm Hinz<\/p>\n\n\n\n<div style=\"height:41px\" aria-hidden=\"true\" class=\"wp-block-spacer\"><\/div>\n\n\n\n<p><strong>Colegiado do Curso:\u00a0 <\/strong><\/p>\n\n\n\n<p><strong>Coordenadora: <\/strong> Verlani Timm Hinz\u00a0 <\/p>\n\n\n\n<p><strong>Docentes: <\/strong>Andr\u00e9ia Sias Rodrigues, Jo\u00e3o Ladislau Barbar\u00e1 Lopes, Maria Isabel Giusti Moreira, Fernando Augusto Treptow Brod\u00a0<\/p>\n\n\n\n<p><strong>Supervis\u00e3o Pedag\u00f3gica:\u00a0 <\/strong><\/p>\n\n\n\n<p><strong>Discente:<\/strong><\/p>\n","protected":false},"excerpt":{"rendered":"<p>Coordena\u00e7\u00e3o e Colegiado Coordenadora do Curso: Verlani Timm Hinz Colegiado do Curso:\u00a0 Coordenadora: Verlani Timm Hinz\u00a0 Docentes: Andr\u00e9ia Sias Rodrigues, Jo\u00e3o Ladislau Barbar\u00e1 Lopes, Maria Isabel Giusti Moreira, Fernando Augusto Treptow Brod\u00a0 Supervis\u00e3o Pedag\u00f3gica:\u00a0 Discente:<\/p>\n","protected":false},"author":1,"featured_media":0,"parent":0,"menu_order":0,"comment_status":"closed","ping_status":"closed","template":"","meta":{"_editorskit_title_hidden":true,"_editorskit_reading_time":0,"_editorskit_is_block_options_detached":false,"_editorskit_block_options_position":"{}","footnotes":""},"folder":[],"class_list":["post-169","page","type-page","status-publish","hentry"],"_links":{"self":[{"href":"https:\/\/ctds.cavg.ifsul.edu.br\/index.php\/wp-json\/wp\/v2\/pages\/169","targetHints":{"allow":["GET"]}}],"collection":[{"href":"https:\/\/ctds.cavg.ifsul.edu.br\/index.php\/wp-json\/wp\/v2\/pages"}],"about":[{"href":"https:\/\/ctds.cavg.ifsul.edu.br\/index.php\/wp-json\/wp\/v2\/types\/page"}],"author":[{"embeddable":true,"href":"https:\/\/ctds.cavg.ifsul.edu.br\/index.php\/wp-json\/wp\/v2\/users\/1"}],"replies":[{"embeddable":true,"href":"https:\/\/ctds.cavg.ifsul.edu.br\/index.php\/wp-json\/wp\/v2\/comments?post=169"}],"version-history":[{"count":1,"href":"https:\/\/ctds.cavg.ifsul.edu.br\/index.php\/wp-json\/wp\/v2\/pages\/169\/revisions"}],"predecessor-version":[{"id":171,"href":"https:\/\/ctds.cavg.ifsul.edu.br\/index.php\/wp-json\/wp\/v2\/pages\/169\/revisions\/171"}],"wp:attachment":[{"href":"https:\/\/ctds.cavg.ifsul.edu.br\/index.php\/wp-json\/wp\/v2\/media?parent=169"}],"wp:term":[{"taxonomy":"folder","embeddable":true,"href":"https:\/\/ctds.cavg.ifsul.edu.br\/index.php\/wp-json\/wp\/v2\/folder?post=169"}],"curies":[{"name":"wp","href":"https:\/\/api.w.org\/{rel}","templated":true}]}}