{"id":149,"date":"2024-08-27T23:20:47","date_gmt":"2024-08-28T02:20:47","guid":{"rendered":"https:\/\/novoctds.cavg.ifsul.edu.br\/?page_id=149"},"modified":"2024-09-06T10:53:01","modified_gmt":"2024-09-06T13:53:01","slug":"2023-02","status":"publish","type":"page","link":"https:\/\/ctds.cavg.ifsul.edu.br\/index.php\/2023-02\/","title":{"rendered":"2023\/02"},"content":{"rendered":"\n<p class=\"has-large-font-size\"><strong>2023\/02<\/strong><\/p>\n\n\n\n<figure class=\"wp-block-table\"><table class=\"has-fixed-layout\"><tbody><tr><td><strong>Aluno(a)<\/strong><\/td><td><strong>Orientador(a)<\/strong><\/td><td><strong>T\u00edtulo<\/strong><\/td><\/tr><tr><td>Alexandre Neves de Azevedo<\/td><td>Maria Isabel Giusti Moreira<\/td><td><a href=\"https:\/\/ctds.cavg.ifsul.edu.br\/wp-content\/uploads\/2024\/08\/alexandre.pdf\" target=\"_blank\" rel=\"noreferrer noopener\">EVOCARS: SISTEMA DE AN\u00daNCIOS CARROS<\/a><\/td><\/tr><tr><td>Gabriele de Quadros Lapischies<\/td><td>Fernando Augusto Treptow Brod<\/td><td><a href=\"https:\/\/ctds.cavg.ifsul.edu.br\/wp-content\/uploads\/2024\/08\/gabriele.pdf\" target=\"_blank\" rel=\"noreferrer noopener\">SGBP &#8211; SISTEMA DE GERENCIAMENTO DE BANCAS DA P\u00d3S-GRADUA\u00c7\u00c3O<\/a><\/td><\/tr><tr><td>Hiram Cruz Costa<\/td><td>Verlani Timm Hinz<\/td><td><a href=\"https:\/\/ctds.cavg.ifsul.edu.br\/wp-content\/uploads\/2024\/08\/hiram.pdf\" target=\"_blank\" rel=\"noreferrer noopener\">Hist\u00f3riaNet<\/a><\/td><\/tr><tr><td>Isadora Vilella Ortiz<\/td><td>Andr\u00e9ia Sias Rodrigues<\/td><td><a href=\"https:\/\/ctds.cavg.ifsul.edu.br\/wp-content\/uploads\/2024\/08\/isadora.pdf\" target=\"_blank\" rel=\"noreferrer noopener\">PROJETO DO SISTEMA AMBIENTARE<\/a><\/td><\/tr><tr><td>Pedro Freitas Pereira<\/td><td>Jo\u00e3o Ladislau Barbar\u00e1 Lopes<\/td><td><a href=\"https:\/\/ctds.cavg.ifsul.edu.br\/wp-content\/uploads\/2024\/08\/pedro.pdf\" target=\"_blank\" rel=\"noreferrer noopener\">Software para Simula\u00e7\u00e3o de Compostagem<\/a><\/td><\/tr><tr><td>Robson Daniel Soares<\/td><td>Raymundo Ferreira Filho<\/td><td><a href=\"https:\/\/ctds.cavg.ifsul.edu.br\/wp-content\/uploads\/2024\/08\/robson.pdf\" target=\"_blank\" rel=\"noreferrer noopener\">Portal do NAPNE CAVG\/IFSUL<\/a><\/td><\/tr><tr><td>Wesley Menegoni Mendes<\/td><td>Maria Isabel Giusti Moreira<\/td><td><a href=\"https:\/\/ctds.cavg.ifsul.edu.br\/wp-content\/uploads\/2024\/08\/wesley-1.pdf\" target=\"_blank\" rel=\"noreferrer noopener\">LIBRARY MOVIES: UMA BIBLIOTECA PARA FILMES, S\u00c9RIES E ANIMES<\/a><\/td><\/tr><\/tbody><\/table><\/figure>\n","protected":false},"excerpt":{"rendered":"<p>2023\/02 Aluno(a) Orientador(a) T\u00edtulo Alexandre Neves de Azevedo Maria Isabel Giusti Moreira EVOCARS: SISTEMA DE AN\u00daNCIOS CARROS Gabriele de Quadros Lapischies Fernando Augusto Treptow Brod SGBP &#8211; SISTEMA DE GERENCIAMENTO DE BANCAS DA P\u00d3S-GRADUA\u00c7\u00c3O Hiram Cruz Costa Verlani Timm Hinz Hist\u00f3riaNet Isadora Vilella Ortiz Andr\u00e9ia Sias Rodrigues PROJETO DO SISTEMA AMBIENTARE Pedro Freitas Pereira Jo\u00e3o [&hellip;]<\/p>\n","protected":false},"author":1,"featured_media":0,"parent":0,"menu_order":0,"comment_status":"closed","ping_status":"closed","template":"","meta":{"_editorskit_title_hidden":true,"_editorskit_reading_time":0,"_editorskit_is_block_options_detached":false,"_editorskit_block_options_position":"{}","footnotes":""},"folder":[],"class_list":["post-149","page","type-page","status-publish","hentry"],"_links":{"self":[{"href":"https:\/\/ctds.cavg.ifsul.edu.br\/index.php\/wp-json\/wp\/v2\/pages\/149","targetHints":{"allow":["GET"]}}],"collection":[{"href":"https:\/\/ctds.cavg.ifsul.edu.br\/index.php\/wp-json\/wp\/v2\/pages"}],"about":[{"href":"https:\/\/ctds.cavg.ifsul.edu.br\/index.php\/wp-json\/wp\/v2\/types\/page"}],"author":[{"embeddable":true,"href":"https:\/\/ctds.cavg.ifsul.edu.br\/index.php\/wp-json\/wp\/v2\/users\/1"}],"replies":[{"embeddable":true,"href":"https:\/\/ctds.cavg.ifsul.edu.br\/index.php\/wp-json\/wp\/v2\/comments?post=149"}],"version-history":[{"count":4,"href":"https:\/\/ctds.cavg.ifsul.edu.br\/index.php\/wp-json\/wp\/v2\/pages\/149\/revisions"}],"predecessor-version":[{"id":206,"href":"https:\/\/ctds.cavg.ifsul.edu.br\/index.php\/wp-json\/wp\/v2\/pages\/149\/revisions\/206"}],"wp:attachment":[{"href":"https:\/\/ctds.cavg.ifsul.edu.br\/index.php\/wp-json\/wp\/v2\/media?parent=149"}],"wp:term":[{"taxonomy":"folder","embeddable":true,"href":"https:\/\/ctds.cavg.ifsul.edu.br\/index.php\/wp-json\/wp\/v2\/folder?post=149"}],"curies":[{"name":"wp","href":"https:\/\/api.w.org\/{rel}","templated":true}]}}