{"id":136,"date":"2024-08-27T23:12:42","date_gmt":"2024-08-28T02:12:42","guid":{"rendered":"https:\/\/novoctds.cavg.ifsul.edu.br\/?page_id=136"},"modified":"2024-09-06T10:51:54","modified_gmt":"2024-09-06T13:51:54","slug":"2022-02","status":"publish","type":"page","link":"https:\/\/ctds.cavg.ifsul.edu.br\/index.php\/2022-02\/","title":{"rendered":"2022\/02"},"content":{"rendered":"\n<p class=\"has-large-font-size\"><strong>2022\/02<\/strong><\/p>\n\n\n\n<figure class=\"wp-block-table\"><table class=\"has-fixed-layout\"><tbody><tr><td><strong>Aluno(a)<\/strong><\/td><td><strong>Orientador(a)<\/strong><\/td><td><strong>T\u00edtulo<\/strong><\/td><\/tr><tr><td>Eder Zarnott Seefeldt<\/td><td>Jo\u00e3o Ladislau Barbar\u00e1 Lopes<\/td><td><a href=\"https:\/\/ctds.cavg.ifsul.edu.br\/wp-content\/uploads\/2024\/08\/eder_seefeldt.pdf\" target=\"_blank\" rel=\"noreferrer noopener\">SISTEMA PARA GERENCIAMENTO DE PEDIDOS &#8211; GERPED<\/a><\/td><\/tr><tr><td>Luis Henrique Vaz Vellar<\/td><td>Verlani Timm Hinz<\/td><td><a href=\"https:\/\/ctds.cavg.ifsul.edu.br\/wp-content\/uploads\/2024\/08\/luis_vellar.pdf\" target=\"_blank\" rel=\"noreferrer noopener\">DEM\u00c9TER &#8211; SISTEMA DE GERENCIAMENTO DE REFEI\u00c7\u00d5ES PARA BOLSISTAS<\/a><\/td><\/tr><tr><td>Natanaele Barros Machado<\/td><td>Andr\u00e9ia Rodrigues Sias<\/td><td><a href=\"https:\/\/ctds.cavg.ifsul.edu.br\/wp-content\/uploads\/2024\/08\/natanaele_machado.pdf\" target=\"_blank\" rel=\"noreferrer noopener\">AMIGO PET: FERRAMENTA DIGITAL PARA TUTORES DE PETS DA REGI\u00c3O DE PELOTAS<\/a><\/td><\/tr><tr><td>Tais Dias Nunes<\/td><td>Verlani Timm Hinz<\/td><td><a href=\"https:\/\/ctds.cavg.ifsul.edu.br\/wp-content\/uploads\/2024\/08\/tais_nunes.pdf\" target=\"_blank\" rel=\"noreferrer noopener\">SISTEMA DE CATALOGA\u00c7\u00c3O DO ACERVO HIST\u00d3RICO DO CAVG<\/a><\/td><\/tr><tr><td>Vin\u00edcius Maciel Coppa<\/td><td>Andr\u00e9ia Sias Rodrigues<\/td><td><a href=\"https:\/\/ctds.cavg.ifsul.edu.br\/wp-content\/uploads\/2024\/08\/vinicius_coppa.pdf\" target=\"_blank\" rel=\"noreferrer noopener\">MARdeira &#8211; M\u00d3VEIS PLANEJADOS E SOB MEDIDA<\/a><\/td><\/tr><tr><td>Vinicius Rocha da Rocha<\/td><td>Maria Isabel Giusti Moreira<\/td><td><a href=\"https:\/\/ctds.cavg.ifsul.edu.br\/wp-content\/uploads\/2024\/08\/vinicius_rocha.pdf\" target=\"_blank\" rel=\"noreferrer noopener\">Se liga a\u00ed CAVG! Um sistema de informa\u00e7\u00f5es sobre o Campus Pelotas &#8211; Visconde da Gra\u00e7a (IFSul) para alunos<\/a><\/td><\/tr><\/tbody><\/table><\/figure>\n","protected":false},"excerpt":{"rendered":"<p>2022\/02 Aluno(a) Orientador(a) T\u00edtulo Eder Zarnott Seefeldt Jo\u00e3o Ladislau Barbar\u00e1 Lopes SISTEMA PARA GERENCIAMENTO DE PEDIDOS &#8211; GERPED Luis Henrique Vaz Vellar Verlani Timm Hinz DEM\u00c9TER &#8211; SISTEMA DE GERENCIAMENTO DE REFEI\u00c7\u00d5ES PARA BOLSISTAS Natanaele Barros Machado Andr\u00e9ia Rodrigues Sias AMIGO PET: FERRAMENTA DIGITAL PARA TUTORES DE PETS DA REGI\u00c3O DE PELOTAS Tais Dias Nunes [&hellip;]<\/p>\n","protected":false},"author":1,"featured_media":0,"parent":0,"menu_order":0,"comment_status":"closed","ping_status":"closed","template":"","meta":{"_editorskit_title_hidden":true,"_editorskit_reading_time":0,"_editorskit_is_block_options_detached":false,"_editorskit_block_options_position":"{}","footnotes":""},"folder":[],"class_list":["post-136","page","type-page","status-publish","hentry"],"_links":{"self":[{"href":"https:\/\/ctds.cavg.ifsul.edu.br\/index.php\/wp-json\/wp\/v2\/pages\/136","targetHints":{"allow":["GET"]}}],"collection":[{"href":"https:\/\/ctds.cavg.ifsul.edu.br\/index.php\/wp-json\/wp\/v2\/pages"}],"about":[{"href":"https:\/\/ctds.cavg.ifsul.edu.br\/index.php\/wp-json\/wp\/v2\/types\/page"}],"author":[{"embeddable":true,"href":"https:\/\/ctds.cavg.ifsul.edu.br\/index.php\/wp-json\/wp\/v2\/users\/1"}],"replies":[{"embeddable":true,"href":"https:\/\/ctds.cavg.ifsul.edu.br\/index.php\/wp-json\/wp\/v2\/comments?post=136"}],"version-history":[{"count":4,"href":"https:\/\/ctds.cavg.ifsul.edu.br\/index.php\/wp-json\/wp\/v2\/pages\/136\/revisions"}],"predecessor-version":[{"id":205,"href":"https:\/\/ctds.cavg.ifsul.edu.br\/index.php\/wp-json\/wp\/v2\/pages\/136\/revisions\/205"}],"wp:attachment":[{"href":"https:\/\/ctds.cavg.ifsul.edu.br\/index.php\/wp-json\/wp\/v2\/media?parent=136"}],"wp:term":[{"taxonomy":"folder","embeddable":true,"href":"https:\/\/ctds.cavg.ifsul.edu.br\/index.php\/wp-json\/wp\/v2\/folder?post=136"}],"curies":[{"name":"wp","href":"https:\/\/api.w.org\/{rel}","templated":true}]}}