{"id":124,"date":"2024-08-27T23:08:09","date_gmt":"2024-08-28T02:08:09","guid":{"rendered":"https:\/\/novoctds.cavg.ifsul.edu.br\/?page_id=124"},"modified":"2024-09-06T10:50:39","modified_gmt":"2024-09-06T13:50:39","slug":"2021-02","status":"publish","type":"page","link":"https:\/\/ctds.cavg.ifsul.edu.br\/index.php\/2021-02\/","title":{"rendered":"2021\/02"},"content":{"rendered":"\n<p class=\"has-large-font-size\"><strong>2021\/02<\/strong><\/p>\n\n\n\n<figure class=\"wp-block-table\"><table class=\"has-fixed-layout\"><tbody><tr><td><strong>Aluno(a)<\/strong><\/td><td><strong>Orientador(a)<\/strong><\/td><td><strong>T\u00edtulo<\/strong><\/td><\/tr><tr><td>Abi\u00e9zer da Costa Silva<\/td><td>Verlani Timm Hinz<\/td><td><a href=\"https:\/\/ctds.cavg.ifsul.edu.br\/wp-content\/uploads\/2024\/08\/abiezer_silva.pdf\" target=\"_blank\" rel=\"noreferrer noopener\">OdontAgenda: Sistema de Agendamentos de Consultas Odontol\u00f3gicas<\/a><\/td><\/tr><tr><td>Anderson Avila de Oliveira<\/td><td>Verlani Timm Hinz<\/td><td><a href=\"https:\/\/ctds.cavg.ifsul.edu.br\/wp-content\/uploads\/2024\/08\/anderson_oliveira.pdf\" target=\"_blank\" rel=\"noreferrer noopener\">ACE \u2013 Agendamento e Controle de Equipamentos<\/a><\/td><\/tr><tr><td>Geison de Lima Martins<\/td><td>Jo\u00e3o Ladislau Barbar\u00e1 Lopes<\/td><td><a href=\"https:\/\/ctds.cavg.ifsul.edu.br\/wp-content\/uploads\/2024\/08\/geison_martins.pdf\" target=\"_blank\" rel=\"noreferrer noopener\">Qualis Acad\u00eamico: Sistema de Autoavalia\u00e7\u00e3o Estudantil para Apoiar a Pr\u00e1tica Docente<\/a><\/td><\/tr><tr><td>Guilherme Dietrich Soares Junior<\/td><td>Fernando Augusto Treptow Brod<\/td><td><a href=\"https:\/\/ctds.cavg.ifsul.edu.br\/wp-content\/uploads\/2024\/08\/guilherme_junior.pdf\" target=\"_blank\" rel=\"noreferrer noopener\">BRIOCONECT: Aplica\u00e7\u00e3o Android Voltada para o Estudo de Bri\u00f3fitas<\/a><\/td><\/tr><tr><td>Gustavo Dias Souza<\/td><td>Fernando Augusto Treptow Brod<\/td><td><a href=\"https:\/\/ctds.cavg.ifsul.edu.br\/wp-content\/uploads\/2024\/08\/gustavo_souza.pdf\" target=\"_blank\" rel=\"noreferrer noopener\">Comunique Escola: Site de Avisos para Institui\u00e7\u00f5es Escolares<\/a><\/td><\/tr><tr><td>Lucas Ramos Vieira<\/td><td>Andr\u00e9ia Sias Rodrigues<\/td><td><a href=\"https:\/\/ctds.cavg.ifsul.edu.br\/wp-content\/uploads\/2024\/08\/lucas_vieira.pdf\" target=\"_blank\" rel=\"noreferrer noopener\">Sistema de Apoio ao Ciclista Reserve sua Bike<\/a><\/td><\/tr><tr><td>Victor Lopes Dutra da Silva<\/td><td>Andr\u00e9ia Sias Rodrigues<\/td><td><a href=\"https:\/\/ctds.cavg.ifsul.edu.br\/wp-content\/uploads\/2024\/08\/victor_silva.pdf\" target=\"_blank\" rel=\"noreferrer noopener\">Sistema de Controle de Vendas<\/a><\/td><\/tr><\/tbody><\/table><\/figure>\n","protected":false},"excerpt":{"rendered":"<p>2021\/02 Aluno(a) Orientador(a) T\u00edtulo Abi\u00e9zer da Costa Silva Verlani Timm Hinz OdontAgenda: Sistema de Agendamentos de Consultas Odontol\u00f3gicas Anderson Avila de Oliveira Verlani Timm Hinz ACE \u2013 Agendamento e Controle de Equipamentos Geison de Lima Martins Jo\u00e3o Ladislau Barbar\u00e1 Lopes Qualis Acad\u00eamico: Sistema de Autoavalia\u00e7\u00e3o Estudantil para Apoiar a Pr\u00e1tica Docente Guilherme Dietrich Soares Junior [&hellip;]<\/p>\n","protected":false},"author":1,"featured_media":0,"parent":0,"menu_order":0,"comment_status":"closed","ping_status":"closed","template":"","meta":{"_editorskit_title_hidden":true,"_editorskit_reading_time":0,"_editorskit_is_block_options_detached":false,"_editorskit_block_options_position":"{}","footnotes":""},"folder":[],"class_list":["post-124","page","type-page","status-publish","hentry"],"_links":{"self":[{"href":"https:\/\/ctds.cavg.ifsul.edu.br\/index.php\/wp-json\/wp\/v2\/pages\/124","targetHints":{"allow":["GET"]}}],"collection":[{"href":"https:\/\/ctds.cavg.ifsul.edu.br\/index.php\/wp-json\/wp\/v2\/pages"}],"about":[{"href":"https:\/\/ctds.cavg.ifsul.edu.br\/index.php\/wp-json\/wp\/v2\/types\/page"}],"author":[{"embeddable":true,"href":"https:\/\/ctds.cavg.ifsul.edu.br\/index.php\/wp-json\/wp\/v2\/users\/1"}],"replies":[{"embeddable":true,"href":"https:\/\/ctds.cavg.ifsul.edu.br\/index.php\/wp-json\/wp\/v2\/comments?post=124"}],"version-history":[{"count":4,"href":"https:\/\/ctds.cavg.ifsul.edu.br\/index.php\/wp-json\/wp\/v2\/pages\/124\/revisions"}],"predecessor-version":[{"id":204,"href":"https:\/\/ctds.cavg.ifsul.edu.br\/index.php\/wp-json\/wp\/v2\/pages\/124\/revisions\/204"}],"wp:attachment":[{"href":"https:\/\/ctds.cavg.ifsul.edu.br\/index.php\/wp-json\/wp\/v2\/media?parent=124"}],"wp:term":[{"taxonomy":"folder","embeddable":true,"href":"https:\/\/ctds.cavg.ifsul.edu.br\/index.php\/wp-json\/wp\/v2\/folder?post=124"}],"curies":[{"name":"wp","href":"https:\/\/api.w.org\/{rel}","templated":true}]}}